{"id":609,"date":"2016-03-30T09:04:55","date_gmt":"2016-03-30T07:04:55","guid":{"rendered":"https:\/\/bruseco.webstijlcms.nl\/?page_id=609&#038;lang=de"},"modified":"2024-10-18T13:52:38","modified_gmt":"2024-10-18T11:52:38","slug":"fuer-firmen","status":"publish","type":"page","link":"https:\/\/www.bruseco.com\/de\/fuer-firmen\/","title":{"rendered":"Einsatzfahrer"},"content":{"rendered":"<h1>Ausbildung Ihrer Chauffeure\u00a0und Vorstandsfahrer<\/h1>\n<h2><img decoding=\"async\" class=\"alignnone size-full wp-image-20838\" src=\"https:\/\/www.bruseco.com\/wp-content\/uploads\/2021\/11\/header-voorbedrijven-1300-bmw.jpg\" alt=\"\" width=\"1300\" height=\"550\" srcset=\"https:\/\/www.bruseco.com\/wp-content\/uploads\/2021\/11\/header-voorbedrijven-1300-bmw.jpg 1300w, https:\/\/www.bruseco.com\/wp-content\/uploads\/2021\/11\/header-voorbedrijven-1300-bmw-1280x542.jpg 1280w, https:\/\/www.bruseco.com\/wp-content\/uploads\/2021\/11\/header-voorbedrijven-1300-bmw-980x415.jpg 980w, https:\/\/www.bruseco.com\/wp-content\/uploads\/2021\/11\/header-voorbedrijven-1300-bmw-480x203.jpg 480w\" sizes=\"(min-width: 0px) and (max-width: 480px) 480px, (min-width: 481px) and (max-width: 980px) 980px, (min-width: 981px) and (max-width: 1280px) 1280px, (min-width: 1281px) 1300px, 100vw\" \/><\/h2>\n<p>Sich von den Mitbewerbern positiv abzuheben, ist der Garant f\u00fcr den Unternehmenserfolg. Denn Qualit\u00e4t setzt sich immer durch. Wir von BRUSECO wissen das wie kaum ein anderes Unternehmen. Seit 20 Jahren sind wir an verschiedenen erfolgreichen Unternehmen im Bereich der VIP-Bef\u00f6rderung beteiligt. Sowohl Multinationals als auch Limousinefirmen wenden sich an BRUSECO bei der Suche einen oder mehrere professionelle Chauffeure\u00a0und Vorstandsfahrer.<\/p>\n<p>&nbsp;<\/p>\n<p>Unsere Philosophie ist es, mit unseren Ausbildungen f\u00fcr Ihre Arbeitnehmer und Ihr Unternehmen eine Win-Win-Situation zu schaffen. Gemeinsam mit Ihnen bilden wir Ihre Arbeitnehmer aus, sch\u00e4rfen deren Aufmerksamkeit und geben pers\u00f6nliche R\u00fcckmeldungen. BRUSECO bietet Ihnen neben dem Ausbildungsprogramm auch Testkunden an, um auch nach der Ausbildung die Qualit\u00e4t zu pr\u00fcfen. Schlie\u00dflich wollen Sie immer das Beste f\u00fcr Ihre Kunden.<\/p>\n<p>&nbsp;<\/p>\n<p>Mit BRUSECO lassen Sie Ihre Chauffeure nicht nur zertifizieren. Sie erhalten mit uns einen Partner f\u00fcrs Leben. Sie erhalten mit uns einen Partner, der ein Ziel verfolgt: Ihr Unternehmen dadurch zum Gewinner zu machen, indem die Mitarbeiter zu Gewinnern werden.<\/p>\n<h2>Bruseco Partner<\/h2>\n<p>, ein Mitglied von Carey International, einer der gr\u00f6\u00dften Limousinen Firmen weltweit, hat BRUSECO als \u00b4First Supplier\u00b4 gew\u00e4hlt f\u00fcr die Ausbildungen Ihren Chauffeuren. Alle neuen Chauffeure m\u00fcssen DEKRA D1 zertifiziert sein. Interline M\u00fcnchen und <a href=\"https:\/\/www.interline-berlin.de\/\" target=\"_blank\" rel=\"noopener\">Interline Berlin<\/a> sind beiden Partner von BRUSECO.<\/p>\n<p>&nbsp;<\/p>\n<p>Einer der gr\u00f6\u00dfte Limousinen Firmen in Frankreich, Biribin Limousines, hat BRUSECO als \u00b4First Supplier\u00b4 gew\u00e4hlt f\u00fcr die Ausbildungen Ihren Chauffeuren. Viele Chauffeure werden am diesem Zeitpunkt schon ausgebildet und alle neuen Chauffeure m\u00fcssen DEKRA D1 zertifiziert sein.<\/p>\n<p>&nbsp;<\/p>\n","protected":false},"excerpt":{"rendered":"<p>Ausbildung Ihrer Chauffeure\u00a0und Vorstandsfahrer Sich von den Mitbewerbern positiv abzuheben, ist der Garant f\u00fcr den Unternehmenserfolg. Denn Qualit\u00e4t setzt sich immer durch. Wir von BRUSECO wissen das wie kaum ein anderes Unternehmen. Seit 20 Jahren sind wir an verschiedenen erfolgreichen Unternehmen im Bereich der VIP-Bef\u00f6rderung beteiligt. Sowohl Multinationals als auch Limousinefirmen wenden sich an BRUSECO [&hellip;]<\/p>\n","protected":false},"author":7090,"featured_media":0,"parent":0,"menu_order":0,"comment_status":"closed","ping_status":"closed","template":"","meta":{"_acf_changed":false,"_et_pb_use_builder":"","_et_pb_old_content":"","_et_gb_content_width":"","footnotes":""},"class_list":["post-609","page","type-page","status-publish","hentry"],"acf":[],"_links":{"self":[{"href":"https:\/\/www.bruseco.com\/de\/wp-json\/wp\/v2\/pages\/609","targetHints":{"allow":["GET"]}}],"collection":[{"href":"https:\/\/www.bruseco.com\/de\/wp-json\/wp\/v2\/pages"}],"about":[{"href":"https:\/\/www.bruseco.com\/de\/wp-json\/wp\/v2\/types\/page"}],"author":[{"embeddable":true,"href":"https:\/\/www.bruseco.com\/de\/wp-json\/wp\/v2\/users\/7090"}],"replies":[{"embeddable":true,"href":"https:\/\/www.bruseco.com\/de\/wp-json\/wp\/v2\/comments?post=609"}],"version-history":[{"count":4,"href":"https:\/\/www.bruseco.com\/de\/wp-json\/wp\/v2\/pages\/609\/revisions"}],"predecessor-version":[{"id":34319,"href":"https:\/\/www.bruseco.com\/de\/wp-json\/wp\/v2\/pages\/609\/revisions\/34319"}],"wp:attachment":[{"href":"https:\/\/www.bruseco.com\/de\/wp-json\/wp\/v2\/media?parent=609"}],"curies":[{"name":"wp","href":"https:\/\/api.w.org\/{rel}","templated":true}]}}