{"id":617,"date":"2016-03-30T09:10:38","date_gmt":"2016-03-30T07:10:38","guid":{"rendered":"https:\/\/bruseco.webstijlcms.nl\/?page_id=617&#038;lang=de"},"modified":"2025-04-15T22:21:38","modified_gmt":"2025-04-15T20:21:38","slug":"ausbildungen_vip-chauffeur","status":"publish","type":"page","link":"https:\/\/www.bruseco.com\/de\/ausbildungen_vip-chauffeur\/","title":{"rendered":"Ausbildung f\u00fcr Vorstandsfahrer"},"content":{"rendered":"<p>[et_pb_section fb_built=&#8221;1&#8243; _builder_version=&#8221;4.16&#8243; global_colors_info=&#8221;{}&#8221; theme_builder_area=&#8221;post_content&#8221;][et_pb_row _builder_version=&#8221;4.16&#8243; background_size=&#8221;initial&#8221; background_position=&#8221;top_left&#8221; background_repeat=&#8221;repeat&#8221; global_colors_info=&#8221;{}&#8221; theme_builder_area=&#8221;post_content&#8221;][et_pb_column type=&#8221;4_4&#8243; _builder_version=&#8221;4.16&#8243; custom_padding=&#8221;|||&#8221; global_colors_info=&#8221;{}&#8221; custom_padding__hover=&#8221;|||&#8221; theme_builder_area=&#8221;post_content&#8221;][et_pb_text _builder_version=&#8221;4.27.0&#8243; background_size=&#8221;initial&#8221; background_position=&#8221;top_left&#8221; background_repeat=&#8221;repeat&#8221; hover_enabled=&#8221;0&#8243; global_colors_info=&#8221;{}&#8221; theme_builder_area=&#8221;post_content&#8221; sticky_enabled=&#8221;0&#8243;]<\/p>\n<h2>Ausbildung Vorstandsfahrer DEKRA D1<\/h2>\n<h3>Einzigartig in Deutschland<\/h3>\n<p>Als akkreditiertes Ausbildungsinstitut bietet BRUSECO die DEKRA-D1 zertifizierte Ausbildung an. Dieses Programm garantiert Ihren Fahrern den Weg zu einem gut ausgebildeten, professionellen Vorstandsfahrer, damit sie zu den Besten ihres Fachs geh\u00f6ren. M\u00f6chten Sie, dass Ihr(e) Fahrer auf h\u00f6chstem Niveau geschult werden? Dann sind Sie bei BRUSECO an der besten Adresse!<\/p>\n<p><a class=\"button dgroen\" href=\"https:\/\/www.bruseco.com\/de\/?page_id=29970\">Lesen Sie mehr<\/a><\/p>\n<hr \/>\n<h2><\/h2>\n<h2>Wiederholungstage Vorstandsfahrer DEKRA D1<\/h2>\n<h3>Fortbildung f\u00fcr zertifizierte Vorstandsfahrer<\/h3>\n<p>Das DEKRA Zertifikat ist drei Jahre g\u00fcltig. Jedes Jahr m\u00fcssen alle Chauffeure zur Erhaltung ihrer DEKRA D1-Zertifizierung einen Fortbildungstag folgen. \u00a0 BRUSECO bietet folgende Rezertifizierungstage an: &#8211; Fahren auf \u00f6ffentlichen Stra\u00dfen ( Anmeldung 1 &#8211; 2 Personen) &#8211; Fahrsicherheitstraining ( Anmeldung Gruppe von 12 Personen) &#8211; Kombination: Fahrtraining auf \u00f6ffentlichen Stra\u00dfen und Fahrsicherheitstraining ( Anmelding mit 2 Personen)<\/p>\n<hr \/>\n<h2><\/h2>\n<h2>BRUSECO Eignungstest Vorstandsfahrer<\/h2>\n<h3>Haben Ihre Chauffeure die F\u00e4higkeiten Vorstandsfahrer zu werden?<\/h3>\n<p>Der BRUSECO Eignungstest ist eine einzigartige Bewertung, die uns und Ihnen hilft festzustellen, welche Qualit\u00e4ten Kandidaten von Haus aus mitbringen. Jeder Chauffeur oder Vorstandsfahrer, kann im Prinzip an der Ausbildung zum VIP-chauffeur teilnehmen. Die Akzente der Betreuung werden jedoch bei jedem vorab pers\u00f6nlich analysiert.<\/p>\n<hr \/>\n<h2>Ausbildung auf Ma\u00df<\/h2>\n<h2><img decoding=\"async\" class=\"alignnone wp-image-32800 size-medium\" src=\"https:\/\/www.bruseco.com\/wp-content\/uploads\/2024\/09\/4N4A7261-300x180.jpg\" alt=\"\" width=\"300\" height=\"180\" srcset=\"https:\/\/www.bruseco.com\/wp-content\/uploads\/2024\/09\/4N4A7261-300x180.jpg 300w, https:\/\/www.bruseco.com\/wp-content\/uploads\/2024\/09\/4N4A7261-1024x614.jpg 1024w, https:\/\/www.bruseco.com\/wp-content\/uploads\/2024\/09\/4N4A7261-768x461.jpg 768w, https:\/\/www.bruseco.com\/wp-content\/uploads\/2024\/09\/4N4A7261-1536x922.jpg 1536w, https:\/\/www.bruseco.com\/wp-content\/uploads\/2024\/09\/4N4A7261-2048x1229.jpg 2048w, https:\/\/www.bruseco.com\/wp-content\/uploads\/2024\/09\/4N4A7261-1080x648.jpg 1080w, https:\/\/www.bruseco.com\/wp-content\/uploads\/2024\/09\/4N4A7261-1280x768.jpg 1280w, https:\/\/www.bruseco.com\/wp-content\/uploads\/2024\/09\/4N4A7261-980x588.jpg 980w, https:\/\/www.bruseco.com\/wp-content\/uploads\/2024\/09\/4N4A7261-480x288.jpg 480w\" sizes=\"(max-width: 300px) 100vw, 300px\" \/><\/h2>\n<h3>Praxis Training, zugeschnitten auf Ihre individuelle Bed\u00fcrfnisse<\/h3>\n<p>Jeder Vorstandsfahrer der seine F\u00e4higkeiten verbessern m\u00f6chte kann sich an BRUSECO wenden. Auch wenn Sie nicht im Besitz eines DEKRA Zertifikat sind. BRUSECO bietet Firmen die M\u00f6glichkeit ihre Vorstandsfahrer ein oder mehrere Tage aus zu bilden wobei der Ausbildung v\u00f6llig zugeschnitten ist auf Ihre Bed\u00fcrfnisse. Rufen Sie uns an f\u00fcr einen kostenlose Kostenvoranschlag!<\/p>\n<hr \/>\n<p>[\/et_pb_text][\/et_pb_column][\/et_pb_row][\/et_pb_section]<\/p>\n","protected":false},"excerpt":{"rendered":"<p>[et_pb_section fb_built=&#8221;1&#8243; _builder_version=&#8221;4.16&#8243; global_colors_info=&#8221;{}&#8221; theme_builder_area=&#8221;post_content&#8221;][et_pb_row _builder_version=&#8221;4.16&#8243; background_size=&#8221;initial&#8221; background_position=&#8221;top_left&#8221; background_repeat=&#8221;repeat&#8221; global_colors_info=&#8221;{}&#8221; theme_builder_area=&#8221;post_content&#8221;][et_pb_column type=&#8221;4_4&#8243; _builder_version=&#8221;4.16&#8243; custom_padding=&#8221;|||&#8221; global_colors_info=&#8221;{}&#8221; custom_padding__hover=&#8221;|||&#8221; theme_builder_area=&#8221;post_content&#8221;][et_pb_text _builder_version=&#8221;4.27.0&#8243; background_size=&#8221;initial&#8221; background_position=&#8221;top_left&#8221; background_repeat=&#8221;repeat&#8221; hover_enabled=&#8221;0&#8243; global_colors_info=&#8221;{}&#8221; theme_builder_area=&#8221;post_content&#8221; sticky_enabled=&#8221;0&#8243;] Ausbildung Vorstandsfahrer DEKRA D1 Einzigartig in Deutschland Als akkreditiertes Ausbildungsinstitut bietet BRUSECO die DEKRA-D1 zertifizierte Ausbildung an. Dieses Programm garantiert Ihren Fahrern den Weg zu einem gut ausgebildeten, professionellen Vorstandsfahrer, [&hellip;]<\/p>\n","protected":false},"author":4,"featured_media":0,"parent":0,"menu_order":0,"comment_status":"closed","ping_status":"closed","template":"","meta":{"_acf_changed":false,"_et_pb_use_builder":"off","_et_pb_old_content":"[et_pb_section fb_built=\"1\" _builder_version=\"4.16\" global_colors_info=\"{}\" theme_builder_area=\"post_content\"][et_pb_row _builder_version=\"4.16\" background_size=\"initial\" background_position=\"top_left\" background_repeat=\"repeat\" global_colors_info=\"{}\" theme_builder_area=\"post_content\"][et_pb_column type=\"4_4\" _builder_version=\"4.16\" custom_padding=\"|||\" global_colors_info=\"{}\" custom_padding__hover=\"|||\" theme_builder_area=\"post_content\"][et_pb_text _builder_version=\"4.27.0\" background_size=\"initial\" background_position=\"top_left\" background_repeat=\"repeat\" hover_enabled=\"0\" global_colors_info=\"{}\" theme_builder_area=\"post_content\" sticky_enabled=\"0\"]\n<h2>Ausbildung Vorstandsfahrer DEKRA D1<\/h2>\n<h3>Einzigartig in Deutschland<\/h3>\nAls akkreditiertes Ausbildungsinstitut bietet BRUSECO die DEKRA-D1 zertifizierte Ausbildung an. Dieses Programm garantiert Ihren Fahrern den Weg zu einem gut ausgebildeten, professionellen Vorstandsfahrer, damit sie zu den Besten ihres Fachs geh\u00f6ren. M\u00f6chten Sie, dass Ihr(e) Fahrer auf h\u00f6chstem Niveau geschult werden? Dann sind Sie bei BRUSECO an der besten Adresse!\n\n<a class=\"button dgroen\" href=\"\/?p=1568&amp;page_id=29970\">Lesen Sie mehr<\/a>\n\n<a class=\"button floatnone\" href=\"\/?p=1568&amp;page_id=617\">Informationen anfordern<\/a>\n\n<hr \/>\n\n<h2><\/h2>\n<h2>Wiederholungstage Vorstandsfahrer DEKRA D1<\/h2>\n<h3>Fortbildung f\u00fcr zertifizierte Vorstandsfahrer<\/h3>\nDas DEKRA Zertifikat ist drei Jahre g\u00fcltig. Jedes Jahr m\u00fcssen alle Chauffeure zur Erhaltung ihrer DEKRA D1-Zertifizierung einen Fortbildungstag folgen. \u00a0 BRUSECO bietet folgende Rezertifizierungstage an: - Fahren auf \u00f6ffentlichen Stra\u00dfen ( Anmeldung 1 - 2 Personen) - Fahrsicherheitstraining ( Anmeldung Gruppe von 12 Personen) - Kombination: Fahrtraining auf \u00f6ffentlichen Stra\u00dfen und Fahrsicherheitstraining ( Anmelding mit 2 Personen)\n\n<a class=\"button floatnone\" href=\"\/?p=1568&amp;page_id=617\" target=\"_blank\" rel=\"noopener noreferrer\">Informationen anfordern<\/a>\n\n<hr \/>\n\n<h2><\/h2>\n<h2>BRUSECO Eignungstest Vorstandsfahrer<\/h2>\n<h3>Haben Ihre Chauffeure die F\u00e4higkeiten Vorstandsfahrer zu werden?<\/h3>\nDer BRUSECO Eignungstest ist eine einzigartige Bewertung, die uns und Ihnen hilft festzustellen, welche Qualit\u00e4ten Kandidaten von Haus aus mitbringen. Jeder Chauffeur oder Vorstandsfahrer, kann im Prinzip an der Ausbildung zum VIP-chauffeur teilnehmen. Die Akzente der Betreuung werden jedoch bei jedem vorab pers\u00f6nlich analysiert.\n\n<a class=\"button floatnone\" href=\"\/?p=1568&amp;page_id=617\">Informationen anfordern<\/a>\n\n<hr \/>\n\n<h2>Ausbildung auf Ma\u00df<\/h2>\n<h2><img class=\"wp-image-958 alignnone\" src=\"https:\/\/www.bruseco.com\/wp-content\/uploads\/2015\/09\/1066x191-BRUSECI-Audi\u00b4s-bij-ingang.jpg\" width=\"1060\" height=\"190\" \/><\/h2>\n<h3>Praxis Training, zugeschnitten auf Ihre individuelle Bed\u00fcrfnisse<\/h3>\nJeder Vorstandsfahrer der seine F\u00e4higkeiten verbessern m\u00f6chte kann sich an BRUSECO wenden. Auch wenn Sie nicht im Besitz eines DEKRA Zertifikat sind. BRUSECO bietet Firmen die M\u00f6glichkeit ihre Vorstandsfahrer ein oder mehrere Tage aus zu bilden wobei der Ausbildung v\u00f6llig zugeschnitten ist auf Ihre Bed\u00fcrfnisse. Rufen Sie uns an f\u00fcr einen kostenlose Kostenvoranschlag!\n\n<a class=\"button floatnone\" href=\"\/?p=1568&amp;page_id=550\">Informationen anfordern<\/a>\n\n<hr \/>\n\n[\/et_pb_text][\/et_pb_column][\/et_pb_row][\/et_pb_section]","_et_gb_content_width":"","footnotes":""},"class_list":["post-617","page","type-page","status-publish","hentry"],"acf":[],"_links":{"self":[{"href":"https:\/\/www.bruseco.com\/de\/wp-json\/wp\/v2\/pages\/617","targetHints":{"allow":["GET"]}}],"collection":[{"href":"https:\/\/www.bruseco.com\/de\/wp-json\/wp\/v2\/pages"}],"about":[{"href":"https:\/\/www.bruseco.com\/de\/wp-json\/wp\/v2\/types\/page"}],"author":[{"embeddable":true,"href":"https:\/\/www.bruseco.com\/de\/wp-json\/wp\/v2\/users\/4"}],"replies":[{"embeddable":true,"href":"https:\/\/www.bruseco.com\/de\/wp-json\/wp\/v2\/comments?post=617"}],"version-history":[{"count":18,"href":"https:\/\/www.bruseco.com\/de\/wp-json\/wp\/v2\/pages\/617\/revisions"}],"predecessor-version":[{"id":35620,"href":"https:\/\/www.bruseco.com\/de\/wp-json\/wp\/v2\/pages\/617\/revisions\/35620"}],"wp:attachment":[{"href":"https:\/\/www.bruseco.com\/de\/wp-json\/wp\/v2\/media?parent=617"}],"curies":[{"name":"wp","href":"https:\/\/api.w.org\/{rel}","templated":true}]}}